{"id":2784,"date":"2022-06-22T11:00:58","date_gmt":"2022-06-22T09:00:58","guid":{"rendered":"https:\/\/smd.oliva-software.com\/?page_id=2784"},"modified":"2022-07-11T15:01:16","modified_gmt":"2022-07-11T13:01:16","slug":"daily-70c15","status":"publish","type":"page","link":"https:\/\/smd.oliva-software.com\/index.php\/daily-70c15\/","title":{"rendered":"Daily 70C15"},"content":{"rendered":"\t\t<div data-elementor-type=\"wp-page\" data-elementor-id=\"2784\" class=\"elementor elementor-2784\">\n\t\t\t\t\t\t\t\t\t<section class=\"elementor-section elementor-top-section elementor-element elementor-element-baa673f elementor-section-full_width elementor-section-height-default elementor-section-height-default\" data-id=\"baa673f\" data-element_type=\"section\" data-settings=\"{&quot;_ha_eqh_enable&quot;:false}\">\n\t\t\t\t\t\t<div class=\"elementor-container elementor-column-gap-custom\">\n\t\t\t\t\t<div class=\"elementor-column elementor-col-100 elementor-top-column elementor-element elementor-element-8ea9007\" data-id=\"8ea9007\" data-element_type=\"column\">\n\t\t\t<div class=\"elementor-widget-wrap elementor-element-populated\">\n\t\t\t\t\t\t\t\t<div class=\"elementor-element elementor-element-d62dbaf elementor-widget elementor-widget-ucaddon_simple_slider\" data-id=\"d62dbaf\" data-element_type=\"widget\" data-widget_type=\"ucaddon_simple_slider.default\">\n\t\t\t\t<div class=\"elementor-widget-container\">\n\t\t\t<!-- start Simple Slider -->\n\t\t<link id='font-awesome-css' href='https:\/\/smd.oliva-software.com\/wp-content\/plugins\/unlimited-elements-for-elementor\/assets_libraries\/font-awesome5\/css\/fontawesome-all.min.css' type='text\/css' rel='stylesheet' >\n\t\t<link id='font-awesome-4-shim-css' href='https:\/\/smd.oliva-software.com\/wp-content\/plugins\/unlimited-elements-for-elementor\/assets_libraries\/font-awesome5\/css\/fontawesome-v4-shims.css' type='text\/css' rel='stylesheet' >\n\t\t<link id='uc_assets_simple_animated_slider_slick_css-css' href='https:\/\/smd.oliva-software.com\/wp-content\/uploads\/ac_assets\/simple_animated_slider\/slick.css' type='text\/css' rel='stylesheet' >\n\n\t\t\t<style type=\"text\/css\">\/* widget: Simple Slider *\/\n\n#uc_simple_slider_elementor11401\n{\n  overflow:hidden;\n  direction:ltr;\n}\n#uc_simple_slider_elementor11401 .ue_slide {\n  position: relative;\n}\n#uc_simple_slider_elementor11401 .slide__img {\n  width: 100%;\n  height: auto;\n  overflow: hidden;\n}\n\n#uc_simple_slider_elementor11401 .slide__img img {\n  max-width: 100%;\n  height: auto;\n  opacity: 1 !important;          \n  animation-duration: 3s;\n  transition: all 1s ease;\n}\n#uc_simple_slider_elementor11401 .slide__content {\n  position: absolute;\n  top: 50%;\n  left: 50%;\n  transform: translate(-50%, -50%);\n}\n#uc_simple_slider_elementor11401 .slide__content--headings {\n  text-align: center;\n  color: #FFF;\n}\n#uc_simple_slider_elementor11401 .slide__content--headings h2 {\n}\n#uc_simple_slider_elementor11401 .slide__content--headings .animated {\n  transition: all 0.5s ease;\n}\n.ue_simple_slider_title\n{\n  font-size:26px;\n}\n\n#uc_simple_slider_elementor11401 .ue_simple_slider_button a{\n\n  display:inline-block;\n  text-align:center;\n  text-decoration:none;\n}  \n\n\n#uc_simple_slider_elementor11401 .slick-prev{\n    position:absolute;\n    left:30px;\n    display:flex !important;\n    align-items:center;\n    justify-content:center;\n    text-align:center;\n    z-index:101;\n    border:none;\n    outline:none;\n}\n#uc_simple_slider_elementor11401 .slick-next{\n  position:absolute;\n  right:30px;\n  display:flex !important;\n  align-items:center;\n    justify-content:center;\n  text-align:center;\n  z-index:101;\n  border:none;\n  outline:none;\n}\n\n#uc_simple_slider_elementor11401 .ue_slide_overlay\n{\n  position:absolute;\n  top:0;\n  bottom:0;\n  left:0;\n  right:0;\n}\n.slick-dots {\n  position: absolute;\n  list-style: none;\n  display: block;\n  text-align: center;\n  padding: 0;\n  margin: 0;\n  width: 100%;\n}\n.slick-dots li {\n  position: relative;\n  display: inline-block;\n  margin: 0 5px;\n  padding: 0;\n  cursor: pointer;\n}\n.slick-dots li button {\n  border: 0;\n  display: block;\n  outline: none;\n  line-height: 0px;\n  font-size: 0px;\n  color: transparent;\n  padding: 5px;\n  cursor: pointer;\n  transition: all 0.3s ease;\n}\n.slick-dots li button:hover,\n.slick-dots li button:focus {\n  outline: none;\n}\n.simple-dots .slick-dots li {\n\n}\n.simple-dots .slick-dots li button {\n  border-radius: 50%;\n}\n\n.stick-dots .slick-dots li button {\n  position: relative;\n  padding: 0;\n}\n\n<\/style>\n\n\t\t\t<div class=\"ue_slider stick-dots\" id=\"uc_simple_slider_elementor11401\" >\n    <div class=\"ue_slide\" style=\"background-image:url(https:\/\/smd.oliva-software.com\/wp-content\/uploads\/2022\/06\/637584153802946269.webp);background-size:cover;background-position:center center;\">\n  <div class=\"ue_slide_overlay\"><\/div>  \n    <\/div>\n<div class=\"ue_slide\" style=\"background-image:url(https:\/\/smd.oliva-software.com\/wp-content\/uploads\/2022\/06\/637584210434346320.webp);background-size:cover;background-position:center center;\">\n  <div class=\"ue_slide_overlay\"><\/div>  \n    <\/div>\n<div class=\"ue_slide\" style=\"background-image:url(https:\/\/smd.oliva-software.com\/wp-content\/uploads\/2022\/07\/AnyConv.com__6375842057069268054.webp);background-size:cover;background-position:center center;\">\n  <div class=\"ue_slide_overlay\"><\/div>  \n    <\/div>\n<div class=\"ue_slide\" style=\"background-image:url(https:\/\/smd.oliva-software.com\/wp-content\/uploads\/2022\/07\/AnyConv.com__637584204245783975.webp);background-size:cover;background-position:center center;\">\n  <div class=\"ue_slide_overlay\"><\/div>  \n    <\/div>\n\n<\/div>\n\t\t\t<!-- end Simple Slider -->\t\t<\/div>\n\t\t\t\t<\/div>\n\t\t\t\t\t<\/div>\n\t\t<\/div>\n\t\t\t\t\t\t\t<\/div>\n\t\t<\/section>\n\t\t\t\t<section class=\"elementor-section elementor-top-section elementor-element elementor-element-ae84ae1 elementor-section-stretched animated-slow elementor-section-boxed elementor-section-height-default elementor-section-height-default elementor-invisible\" data-id=\"ae84ae1\" data-element_type=\"section\" data-settings=\"{&quot;stretch_section&quot;:&quot;section-stretched&quot;,&quot;background_background&quot;:&quot;classic&quot;,&quot;animation&quot;:&quot;fadeInUp&quot;,&quot;_ha_eqh_enable&quot;:false}\">\n\t\t\t\t\t\t<div class=\"elementor-container elementor-column-gap-default\">\n\t\t\t\t\t<div class=\"elementor-column elementor-col-33 elementor-top-column elementor-element elementor-element-f738aea\" data-id=\"f738aea\" data-element_type=\"column\" data-settings=\"{&quot;background_background&quot;:&quot;classic&quot;}\">\n\t\t\t<div class=\"elementor-widget-wrap elementor-element-populated\">\n\t\t\t\t\t\t\t\t<div class=\"elementor-element elementor-element-0d519a0 elementor-widget elementor-widget-image\" data-id=\"0d519a0\" data-element_type=\"widget\" data-widget_type=\"image.default\">\n\t\t\t\t<div class=\"elementor-widget-container\">\n\t\t\t<style>\/*! elementor - v3.7.8 - 02-10-2022 *\/\n.elementor-widget-image{text-align:center}.elementor-widget-image a{display:inline-block}.elementor-widget-image a img[src$=\".svg\"]{width:48px}.elementor-widget-image img{vertical-align:middle;display:inline-block}<\/style>\t\t\t\t\t\t\t\t\t\t\t\t<img loading=\"lazy\" decoding=\"async\" width=\"1024\" height=\"853\" src=\"https:\/\/smd.oliva-software.com\/wp-content\/uploads\/2022\/07\/AnyConv.com__637584169255397524-1024x853.webp\" class=\"attachment-large size-large\" alt=\"\" srcset=\"https:\/\/smd.oliva-software.com\/wp-content\/uploads\/2022\/07\/AnyConv.com__637584169255397524-1024x853.webp 1024w, https:\/\/smd.oliva-software.com\/wp-content\/uploads\/2022\/07\/AnyConv.com__637584169255397524-300x250.webp 300w, https:\/\/smd.oliva-software.com\/wp-content\/uploads\/2022\/07\/AnyConv.com__637584169255397524-768x640.webp 768w, https:\/\/smd.oliva-software.com\/wp-content\/uploads\/2022\/07\/AnyConv.com__637584169255397524-24x20.webp 24w, https:\/\/smd.oliva-software.com\/wp-content\/uploads\/2022\/07\/AnyConv.com__637584169255397524-36x30.webp 36w, https:\/\/smd.oliva-software.com\/wp-content\/uploads\/2022\/07\/AnyConv.com__637584169255397524-48x40.webp 48w, https:\/\/smd.oliva-software.com\/wp-content\/uploads\/2022\/07\/AnyConv.com__637584169255397524.webp 1200w\" sizes=\"auto, (max-width: 1024px) 100vw, 1024px\" \/>\t\t\t\t\t\t\t\t\t\t\t\t\t\t\t<\/div>\n\t\t\t\t<\/div>\n\t\t\t\t\t<\/div>\n\t\t<\/div>\n\t\t\t\t<div class=\"elementor-column elementor-col-33 elementor-top-column elementor-element elementor-element-7dc0c97\" data-id=\"7dc0c97\" data-element_type=\"column\" data-settings=\"{&quot;background_background&quot;:&quot;classic&quot;}\">\n\t\t\t<div class=\"elementor-widget-wrap elementor-element-populated\">\n\t\t\t\t\t\t\t\t\t<\/div>\n\t\t<\/div>\n\t\t\t\t<div class=\"elementor-column elementor-col-33 elementor-top-column elementor-element elementor-element-9b352b8\" data-id=\"9b352b8\" data-element_type=\"column\" data-settings=\"{&quot;background_background&quot;:&quot;classic&quot;}\">\n\t\t\t<div class=\"elementor-widget-wrap elementor-element-populated\">\n\t\t\t\t\t\t\t\t<div class=\"elementor-element elementor-element-ca932a9 elementor-widget elementor-widget-image\" data-id=\"ca932a9\" data-element_type=\"widget\" data-widget_type=\"image.default\">\n\t\t\t\t<div class=\"elementor-widget-container\">\n\t\t\t\t\t\t\t\t\t\t\t\t\t\t\t<img loading=\"lazy\" decoding=\"async\" width=\"1024\" height=\"853\" src=\"https:\/\/smd.oliva-software.com\/wp-content\/uploads\/2022\/07\/AnyConv.com__637584170103908719-1024x853.webp\" class=\"attachment-large size-large\" alt=\"\" srcset=\"https:\/\/smd.oliva-software.com\/wp-content\/uploads\/2022\/07\/AnyConv.com__637584170103908719-1024x853.webp 1024w, https:\/\/smd.oliva-software.com\/wp-content\/uploads\/2022\/07\/AnyConv.com__637584170103908719-300x250.webp 300w, https:\/\/smd.oliva-software.com\/wp-content\/uploads\/2022\/07\/AnyConv.com__637584170103908719-768x640.webp 768w, https:\/\/smd.oliva-software.com\/wp-content\/uploads\/2022\/07\/AnyConv.com__637584170103908719-24x20.webp 24w, https:\/\/smd.oliva-software.com\/wp-content\/uploads\/2022\/07\/AnyConv.com__637584170103908719-36x30.webp 36w, https:\/\/smd.oliva-software.com\/wp-content\/uploads\/2022\/07\/AnyConv.com__637584170103908719-48x40.webp 48w, https:\/\/smd.oliva-software.com\/wp-content\/uploads\/2022\/07\/AnyConv.com__637584170103908719.webp 1200w\" sizes=\"auto, (max-width: 1024px) 100vw, 1024px\" \/>\t\t\t\t\t\t\t\t\t\t\t\t\t\t\t<\/div>\n\t\t\t\t<\/div>\n\t\t\t\t\t<\/div>\n\t\t<\/div>\n\t\t\t\t\t\t\t<\/div>\n\t\t<\/section>\n\t\t\t\t<section class=\"elementor-section elementor-top-section elementor-element elementor-element-9ea293c elementor-section-stretched elementor-section-height-min-height elementor-section-content-middle animated-slow elementor-section-boxed elementor-section-height-default elementor-section-items-middle elementor-invisible\" data-id=\"9ea293c\" data-element_type=\"section\" data-settings=\"{&quot;stretch_section&quot;:&quot;section-stretched&quot;,&quot;background_background&quot;:&quot;classic&quot;,&quot;shape_divider_top&quot;:&quot;tilt&quot;,&quot;animation&quot;:&quot;fadeInUp&quot;,&quot;_ha_eqh_enable&quot;:false}\">\n\t\t\t\t\t<div class=\"elementor-shape elementor-shape-top\" data-negative=\"false\">\n\t\t\t<svg xmlns=\"http:\/\/www.w3.org\/2000\/svg\" viewBox=\"0 0 1000 100\" preserveAspectRatio=\"none\">\n\t<path class=\"elementor-shape-fill\" d=\"M0,6V0h1000v100L0,6z\"\/>\n<\/svg>\t\t<\/div>\n\t\t\t\t\t<div class=\"elementor-container elementor-column-gap-default\">\n\t\t\t\t\t<div class=\"elementor-column elementor-col-50 elementor-top-column elementor-element elementor-element-a5840fd\" data-id=\"a5840fd\" data-element_type=\"column\">\n\t\t\t<div class=\"elementor-widget-wrap elementor-element-populated\">\n\t\t\t\t\t\t\t\t<div class=\"elementor-element elementor-element-28280dc elementor-widget elementor-widget-heading\" data-id=\"28280dc\" data-element_type=\"widget\" data-settings=\"{&quot;_animation_mobile&quot;:&quot;none&quot;}\" data-widget_type=\"heading.default\">\n\t\t\t\t<div class=\"elementor-widget-container\">\n\t\t\t<style>\/*! elementor - v3.7.8 - 02-10-2022 *\/\n.elementor-heading-title{padding:0;margin:0;line-height:1}.elementor-widget-heading .elementor-heading-title[class*=elementor-size-]>a{color:inherit;font-size:inherit;line-height:inherit}.elementor-widget-heading .elementor-heading-title.elementor-size-small{font-size:15px}.elementor-widget-heading .elementor-heading-title.elementor-size-medium{font-size:19px}.elementor-widget-heading .elementor-heading-title.elementor-size-large{font-size:29px}.elementor-widget-heading .elementor-heading-title.elementor-size-xl{font-size:39px}.elementor-widget-heading .elementor-heading-title.elementor-size-xxl{font-size:59px}<\/style><h3 class=\"elementor-heading-title elementor-size-default\">IVECO\/DAILY<\/h3>\t\t<\/div>\n\t\t\t\t<\/div>\n\t\t\t\t<div class=\"elementor-element elementor-element-71bac40 premium-header-block elementor-widget elementor-widget-premium-addon-dual-header\" data-id=\"71bac40\" data-element_type=\"widget\" data-widget_type=\"premium-addon-dual-header.default\">\n\t\t\t\t<div class=\"elementor-widget-container\">\n\t\t\t\r\n\t\t\t\t<h2 class=\"premium-dual-header-first-header  gradient\"><span class=\"premium-dual-header-first-span\">70C15 <\/span><\/h2> \t\t\r\n\t\t\t\t<\/div>\n\t\t\t\t<\/div>\n\t\t\t\t<div class=\"elementor-element elementor-element-6a086c5 elementor-widget elementor-widget-text-editor\" data-id=\"6a086c5\" data-element_type=\"widget\" data-widget_type=\"text-editor.default\">\n\t\t\t\t<div class=\"elementor-widget-container\">\n\t\t\t<style>\/*! elementor - v3.7.8 - 02-10-2022 *\/\n.elementor-widget-text-editor.elementor-drop-cap-view-stacked .elementor-drop-cap{background-color:#818a91;color:#fff}.elementor-widget-text-editor.elementor-drop-cap-view-framed .elementor-drop-cap{color:#818a91;border:3px solid;background-color:transparent}.elementor-widget-text-editor:not(.elementor-drop-cap-view-default) .elementor-drop-cap{margin-top:8px}.elementor-widget-text-editor:not(.elementor-drop-cap-view-default) .elementor-drop-cap-letter{width:1em;height:1em}.elementor-widget-text-editor .elementor-drop-cap{float:left;text-align:center;line-height:1;font-size:50px}.elementor-widget-text-editor .elementor-drop-cap-letter{display:inline-block}<\/style>\t\t\t\t<p>Le Nouveau DAILY a \u00e9t\u00e9 enti\u00e8rement repens\u00e9 pour apporter la meilleure r\u00e9ponse aux attentes des professionnels. Un nouveau concept, un nouveau v\u00e9hicule, un nouveau DAILY.<\/p>\t\t\t\t\t\t<\/div>\n\t\t\t\t<\/div>\n\t\t\t\t\t<\/div>\n\t\t<\/div>\n\t\t\t\t<div class=\"elementor-column elementor-col-50 elementor-top-column elementor-element elementor-element-fbf697c\" data-id=\"fbf697c\" data-element_type=\"column\">\n\t\t\t<div class=\"elementor-widget-wrap elementor-element-populated\">\n\t\t\t\t\t\t\t\t<div class=\"elementor-element elementor-element-38d684e elementor-widget elementor-widget-image\" data-id=\"38d684e\" data-element_type=\"widget\" data-widget_type=\"image.default\">\n\t\t\t\t<div class=\"elementor-widget-container\">\n\t\t\t\t\t\t\t\t\t\t\t\t\t\t\t<img loading=\"lazy\" decoding=\"async\" width=\"1024\" height=\"709\" src=\"https:\/\/smd.oliva-software.com\/wp-content\/uploads\/2022\/06\/637589133618128726-1024x709.png\" class=\"elementor-animation-grow attachment-large size-large\" alt=\"\" srcset=\"https:\/\/smd.oliva-software.com\/wp-content\/uploads\/2022\/06\/637589133618128726-1024x709.png 1024w, https:\/\/smd.oliva-software.com\/wp-content\/uploads\/2022\/06\/637589133618128726-300x208.png 300w, https:\/\/smd.oliva-software.com\/wp-content\/uploads\/2022\/06\/637589133618128726-768x532.png 768w, https:\/\/smd.oliva-software.com\/wp-content\/uploads\/2022\/06\/637589133618128726-24x17.png 24w, https:\/\/smd.oliva-software.com\/wp-content\/uploads\/2022\/06\/637589133618128726-36x25.png 36w, https:\/\/smd.oliva-software.com\/wp-content\/uploads\/2022\/06\/637589133618128726-48x33.png 48w, https:\/\/smd.oliva-software.com\/wp-content\/uploads\/2022\/06\/637589133618128726.png 1300w\" sizes=\"auto, (max-width: 1024px) 100vw, 1024px\" \/>\t\t\t\t\t\t\t\t\t\t\t\t\t\t\t<\/div>\n\t\t\t\t<\/div>\n\t\t\t\t\t<\/div>\n\t\t<\/div>\n\t\t\t\t\t\t\t<\/div>\n\t\t<\/section>\n\t\t\t\t<section class=\"elementor-section elementor-top-section elementor-element elementor-element-24f8468 animated-slow elementor-section-boxed elementor-section-height-default elementor-section-height-default elementor-invisible\" data-id=\"24f8468\" data-element_type=\"section\" data-settings=\"{&quot;animation&quot;:&quot;fadeInUp&quot;,&quot;_ha_eqh_enable&quot;:false}\">\n\t\t\t\t\t\t<div class=\"elementor-container elementor-column-gap-default\">\n\t\t\t\t\t<div class=\"elementor-column elementor-col-50 elementor-top-column elementor-element elementor-element-05b2efd\" data-id=\"05b2efd\" data-element_type=\"column\">\n\t\t\t<div class=\"elementor-widget-wrap elementor-element-populated\">\n\t\t\t\t\t\t\t\t<div class=\"elementor-element elementor-element-a2e360f elementor-widget elementor-widget-image\" data-id=\"a2e360f\" data-element_type=\"widget\" data-widget_type=\"image.default\">\n\t\t\t\t<div class=\"elementor-widget-container\">\n\t\t\t\t\t\t\t\t\t\t\t\t\t\t\t\t<a href=\"http:\/\/smd.oliva-software.com\/wp-content\/uploads\/2022\/06\/MCA_35C15V_E4-_FR_1-.pdf\" target=\"_blank\">\n\t\t\t\t\t\t\t<img loading=\"lazy\" decoding=\"async\" width=\"1240\" height=\"1755\" src=\"https:\/\/smd.oliva-software.com\/wp-content\/uploads\/2022\/07\/MCA_70C15_E4_FR_1-_page-0001.jpg\" class=\"attachment-2048x2048 size-2048x2048\" alt=\"\" srcset=\"https:\/\/smd.oliva-software.com\/wp-content\/uploads\/2022\/07\/MCA_70C15_E4_FR_1-_page-0001.jpg 1240w, https:\/\/smd.oliva-software.com\/wp-content\/uploads\/2022\/07\/MCA_70C15_E4_FR_1-_page-0001-212x300.jpg 212w, https:\/\/smd.oliva-software.com\/wp-content\/uploads\/2022\/07\/MCA_70C15_E4_FR_1-_page-0001-724x1024.jpg 724w, https:\/\/smd.oliva-software.com\/wp-content\/uploads\/2022\/07\/MCA_70C15_E4_FR_1-_page-0001-768x1087.jpg 768w, https:\/\/smd.oliva-software.com\/wp-content\/uploads\/2022\/07\/MCA_70C15_E4_FR_1-_page-0001-1085x1536.jpg 1085w, https:\/\/smd.oliva-software.com\/wp-content\/uploads\/2022\/07\/MCA_70C15_E4_FR_1-_page-0001-17x24.jpg 17w, https:\/\/smd.oliva-software.com\/wp-content\/uploads\/2022\/07\/MCA_70C15_E4_FR_1-_page-0001-25x36.jpg 25w, https:\/\/smd.oliva-software.com\/wp-content\/uploads\/2022\/07\/MCA_70C15_E4_FR_1-_page-0001-34x48.jpg 34w\" sizes=\"auto, (max-width: 1240px) 100vw, 1240px\" \/>\t\t\t\t\t\t\t\t<\/a>\n\t\t\t\t\t\t\t\t\t\t\t\t\t\t\t<\/div>\n\t\t\t\t<\/div>\n\t\t\t\t\t<\/div>\n\t\t<\/div>\n\t\t\t\t<div class=\"elementor-column elementor-col-50 elementor-top-column elementor-element elementor-element-851cc38\" data-id=\"851cc38\" data-element_type=\"column\">\n\t\t\t<div class=\"elementor-widget-wrap elementor-element-populated\">\n\t\t\t\t\t\t\t\t<div class=\"elementor-element elementor-element-56da416 elementor-widget elementor-widget-image\" data-id=\"56da416\" data-element_type=\"widget\" data-widget_type=\"image.default\">\n\t\t\t\t<div class=\"elementor-widget-container\">\n\t\t\t\t\t\t\t\t\t\t\t\t\t\t\t\t<a href=\"http:\/\/smd.oliva-software.com\/wp-content\/uploads\/2022\/07\/MCA_70C15_E4_FR_1-.pdf\" target=\"_blank\">\n\t\t\t\t\t\t\t<img loading=\"lazy\" decoding=\"async\" width=\"800\" height=\"1200\" src=\"https:\/\/smd.oliva-software.com\/wp-content\/uploads\/2022\/07\/MCA_70C15_E4_FR_1-_page-00023.jpg\" class=\"attachment-2048x2048 size-2048x2048\" alt=\"\" srcset=\"https:\/\/smd.oliva-software.com\/wp-content\/uploads\/2022\/07\/MCA_70C15_E4_FR_1-_page-00023.jpg 800w, https:\/\/smd.oliva-software.com\/wp-content\/uploads\/2022\/07\/MCA_70C15_E4_FR_1-_page-00023-200x300.jpg 200w, https:\/\/smd.oliva-software.com\/wp-content\/uploads\/2022\/07\/MCA_70C15_E4_FR_1-_page-00023-683x1024.jpg 683w, https:\/\/smd.oliva-software.com\/wp-content\/uploads\/2022\/07\/MCA_70C15_E4_FR_1-_page-00023-768x1152.jpg 768w, https:\/\/smd.oliva-software.com\/wp-content\/uploads\/2022\/07\/MCA_70C15_E4_FR_1-_page-00023-16x24.jpg 16w, https:\/\/smd.oliva-software.com\/wp-content\/uploads\/2022\/07\/MCA_70C15_E4_FR_1-_page-00023-24x36.jpg 24w, https:\/\/smd.oliva-software.com\/wp-content\/uploads\/2022\/07\/MCA_70C15_E4_FR_1-_page-00023-32x48.jpg 32w\" sizes=\"auto, (max-width: 800px) 100vw, 800px\" \/>\t\t\t\t\t\t\t\t<\/a>\n\t\t\t\t\t\t\t\t\t\t\t\t\t\t\t<\/div>\n\t\t\t\t<\/div>\n\t\t\t\t\t<\/div>\n\t\t<\/div>\n\t\t\t\t\t\t\t<\/div>\n\t\t<\/section>\n\t\t\t\t\t\t\t<\/div>\n\t\t","protected":false},"excerpt":{"rendered":"<p>IVECO\/DAILY 70C15 Le Nouveau DAILY a \u00e9t\u00e9 enti\u00e8rement repens\u00e9 pour apporter la meilleure r\u00e9ponse aux attentes des professionnels. Un nouveau concept, un nouveau v\u00e9hicule, un nouveau DAILY.<\/p>\n","protected":false},"author":1,"featured_media":0,"parent":0,"menu_order":0,"comment_status":"closed","ping_status":"closed","template":"","meta":{"rank_math_lock_modified_date":false,"site-sidebar-layout":"no-sidebar","site-content-layout":"page-builder","ast-global-header-display":"","ast-main-header-display":"","ast-hfb-above-header-display":"","ast-hfb-below-header-display":"","ast-hfb-mobile-header-display":"","site-post-title":"disabled","ast-breadcrumbs-content":"","ast-featured-img":"disabled","footer-sml-layout":"","theme-transparent-header-meta":"","adv-header-id-meta":"","stick-header-meta":"","header-above-stick-meta":"","header-main-stick-meta":"","header-below-stick-meta":"","footnotes":""},"class_list":["post-2784","page","type-page","status-publish","hentry"],"_links":{"self":[{"href":"https:\/\/smd.oliva-software.com\/index.php\/wp-json\/wp\/v2\/pages\/2784","targetHints":{"allow":["GET"]}}],"collection":[{"href":"https:\/\/smd.oliva-software.com\/index.php\/wp-json\/wp\/v2\/pages"}],"about":[{"href":"https:\/\/smd.oliva-software.com\/index.php\/wp-json\/wp\/v2\/types\/page"}],"author":[{"embeddable":true,"href":"https:\/\/smd.oliva-software.com\/index.php\/wp-json\/wp\/v2\/users\/1"}],"replies":[{"embeddable":true,"href":"https:\/\/smd.oliva-software.com\/index.php\/wp-json\/wp\/v2\/comments?post=2784"}],"version-history":[{"count":26,"href":"https:\/\/smd.oliva-software.com\/index.php\/wp-json\/wp\/v2\/pages\/2784\/revisions"}],"predecessor-version":[{"id":3025,"href":"https:\/\/smd.oliva-software.com\/index.php\/wp-json\/wp\/v2\/pages\/2784\/revisions\/3025"}],"wp:attachment":[{"href":"https:\/\/smd.oliva-software.com\/index.php\/wp-json\/wp\/v2\/media?parent=2784"}],"curies":[{"name":"wp","href":"https:\/\/api.w.org\/{rel}","templated":true}]}}