{"id":2786,"date":"2022-06-22T11:01:26","date_gmt":"2022-06-22T09:01:26","guid":{"rendered":"https:\/\/smd.oliva-software.com\/?page_id=2786"},"modified":"2022-07-07T13:02:39","modified_gmt":"2022-07-07T11:02:39","slug":"daily-50c15-e4","status":"publish","type":"page","link":"https:\/\/smd.oliva-software.com\/index.php\/daily-50c15-e4\/","title":{"rendered":"Daily 50C15 E4"},"content":{"rendered":"\t\t<div data-elementor-type=\"wp-page\" data-elementor-id=\"2786\" class=\"elementor elementor-2786\">\n\t\t\t\t\t\t\t\t\t<section class=\"elementor-section elementor-top-section elementor-element elementor-element-f6b964c elementor-section-full_width elementor-section-height-default elementor-section-height-default\" data-id=\"f6b964c\" data-element_type=\"section\" data-settings=\"{&quot;_ha_eqh_enable&quot;:false}\">\n\t\t\t\t\t\t<div class=\"elementor-container elementor-column-gap-custom\">\n\t\t\t\t\t<div class=\"elementor-column elementor-col-100 elementor-top-column elementor-element elementor-element-4da9349\" data-id=\"4da9349\" data-element_type=\"column\">\n\t\t\t<div class=\"elementor-widget-wrap elementor-element-populated\">\n\t\t\t\t\t\t\t\t<div class=\"elementor-element elementor-element-78d6e75 elementor-widget elementor-widget-ucaddon_simple_slider\" data-id=\"78d6e75\" data-element_type=\"widget\" data-widget_type=\"ucaddon_simple_slider.default\">\n\t\t\t\t<div class=\"elementor-widget-container\">\n\t\t\t<!-- start Simple Slider -->\n\t\t<link id='font-awesome-css' href='https:\/\/smd.oliva-software.com\/wp-content\/plugins\/unlimited-elements-for-elementor\/assets_libraries\/font-awesome5\/css\/fontawesome-all.min.css' type='text\/css' rel='stylesheet' >\n\t\t<link id='font-awesome-4-shim-css' href='https:\/\/smd.oliva-software.com\/wp-content\/plugins\/unlimited-elements-for-elementor\/assets_libraries\/font-awesome5\/css\/fontawesome-v4-shims.css' type='text\/css' rel='stylesheet' >\n\t\t<link id='uc_assets_simple_animated_slider_slick_css-css' href='https:\/\/smd.oliva-software.com\/wp-content\/uploads\/ac_assets\/simple_animated_slider\/slick.css' type='text\/css' rel='stylesheet' >\n\n\t\t\t<style type=\"text\/css\">\/* widget: Simple Slider *\/\n\n#uc_simple_slider_elementor14912\n{\n  overflow:hidden;\n  direction:ltr;\n}\n#uc_simple_slider_elementor14912 .ue_slide {\n  position: relative;\n}\n#uc_simple_slider_elementor14912 .slide__img {\n  width: 100%;\n  height: auto;\n  overflow: hidden;\n}\n\n#uc_simple_slider_elementor14912 .slide__img img {\n  max-width: 100%;\n  height: auto;\n  opacity: 1 !important;          \n  animation-duration: 3s;\n  transition: all 1s ease;\n}\n#uc_simple_slider_elementor14912 .slide__content {\n  position: absolute;\n  top: 50%;\n  left: 50%;\n  transform: translate(-50%, -50%);\n}\n#uc_simple_slider_elementor14912 .slide__content--headings {\n  text-align: center;\n  color: #FFF;\n}\n#uc_simple_slider_elementor14912 .slide__content--headings h2 {\n}\n#uc_simple_slider_elementor14912 .slide__content--headings .animated {\n  transition: all 0.5s ease;\n}\n.ue_simple_slider_title\n{\n  font-size:26px;\n}\n\n#uc_simple_slider_elementor14912 .ue_simple_slider_button a{\n\n  display:inline-block;\n  text-align:center;\n  text-decoration:none;\n}  \n\n\n#uc_simple_slider_elementor14912 .slick-prev{\n    position:absolute;\n    left:30px;\n    display:flex !important;\n    align-items:center;\n    justify-content:center;\n    text-align:center;\n    z-index:101;\n    border:none;\n    outline:none;\n}\n#uc_simple_slider_elementor14912 .slick-next{\n  position:absolute;\n  right:30px;\n  display:flex !important;\n  align-items:center;\n    justify-content:center;\n  text-align:center;\n  z-index:101;\n  border:none;\n  outline:none;\n}\n\n#uc_simple_slider_elementor14912 .ue_slide_overlay\n{\n  position:absolute;\n  top:0;\n  bottom:0;\n  left:0;\n  right:0;\n}\n.slick-dots {\n  position: absolute;\n  list-style: none;\n  display: block;\n  text-align: center;\n  padding: 0;\n  margin: 0;\n  width: 100%;\n}\n.slick-dots li {\n  position: relative;\n  display: inline-block;\n  margin: 0 5px;\n  padding: 0;\n  cursor: pointer;\n}\n.slick-dots li button {\n  border: 0;\n  display: block;\n  outline: none;\n  line-height: 0px;\n  font-size: 0px;\n  color: transparent;\n  padding: 5px;\n  cursor: pointer;\n  transition: all 0.3s ease;\n}\n.slick-dots li button:hover,\n.slick-dots li button:focus {\n  outline: none;\n}\n.simple-dots .slick-dots li {\n\n}\n.simple-dots .slick-dots li button {\n  border-radius: 50%;\n}\n\n.stick-dots .slick-dots li button {\n  position: relative;\n  padding: 0;\n}\n\n<\/style>\n\n\t\t\t<div class=\"ue_slider stick-dots\" id=\"uc_simple_slider_elementor14912\" >\n    <div class=\"ue_slide\" style=\"background-image:url(https:\/\/smd.oliva-software.com\/wp-content\/uploads\/2022\/07\/637584213431514380_4_.webp);background-size:cover;background-position:center center;\">\n  <div class=\"ue_slide_overlay\"><\/div>  \n    <\/div>\n<div class=\"ue_slide\" style=\"background-image:url(https:\/\/smd.oliva-software.com\/wp-content\/uploads\/2022\/07\/637584214393285205_1_.webp);background-size:cover;background-position:center center;\">\n  <div class=\"ue_slide_overlay\"><\/div>  \n    <\/div>\n<div class=\"ue_slide\" style=\"background-image:url(https:\/\/smd.oliva-software.com\/wp-content\/uploads\/2022\/07\/637584214697338950_2_.webp);background-size:cover;background-position:center center;\">\n  <div class=\"ue_slide_overlay\"><\/div>  \n    <\/div>\n<div class=\"ue_slide\" style=\"background-image:url(https:\/\/smd.oliva-software.com\/wp-content\/uploads\/2022\/07\/637584213709047275_2_.webp);background-size:cover;background-position:center center;\">\n  <div class=\"ue_slide_overlay\"><\/div>  \n    <\/div>\n\n<\/div>\n\t\t\t<!-- end Simple Slider -->\t\t<\/div>\n\t\t\t\t<\/div>\n\t\t\t\t\t<\/div>\n\t\t<\/div>\n\t\t\t\t\t\t\t<\/div>\n\t\t<\/section>\n\t\t\t\t<section class=\"elementor-section elementor-top-section elementor-element elementor-element-8c008c4 elementor-section-stretched animated-slow elementor-section-boxed elementor-section-height-default elementor-section-height-default elementor-invisible\" data-id=\"8c008c4\" data-element_type=\"section\" data-settings=\"{&quot;stretch_section&quot;:&quot;section-stretched&quot;,&quot;background_background&quot;:&quot;classic&quot;,&quot;animation&quot;:&quot;fadeInUp&quot;,&quot;_ha_eqh_enable&quot;:false}\">\n\t\t\t\t\t\t<div class=\"elementor-container elementor-column-gap-default\">\n\t\t\t\t\t<div class=\"elementor-column elementor-col-33 elementor-top-column elementor-element elementor-element-9fa94d3\" data-id=\"9fa94d3\" data-element_type=\"column\" data-settings=\"{&quot;background_background&quot;:&quot;classic&quot;}\">\n\t\t\t<div class=\"elementor-widget-wrap elementor-element-populated\">\n\t\t\t\t\t\t\t\t<div class=\"elementor-element elementor-element-b30eb75 elementor-widget elementor-widget-image\" data-id=\"b30eb75\" data-element_type=\"widget\" data-widget_type=\"image.default\">\n\t\t\t\t<div class=\"elementor-widget-container\">\n\t\t\t<style>\/*! elementor - v3.7.8 - 02-10-2022 *\/\n.elementor-widget-image{text-align:center}.elementor-widget-image a{display:inline-block}.elementor-widget-image a img[src$=\".svg\"]{width:48px}.elementor-widget-image img{vertical-align:middle;display:inline-block}<\/style>\t\t\t\t\t\t\t\t\t\t\t\t<img loading=\"lazy\" decoding=\"async\" width=\"1024\" height=\"853\" src=\"https:\/\/smd.oliva-software.com\/wp-content\/uploads\/2022\/07\/iveco-daily-2022-553-1024x853.jpg\" class=\"attachment-large size-large\" alt=\"\" srcset=\"https:\/\/smd.oliva-software.com\/wp-content\/uploads\/2022\/07\/iveco-daily-2022-553-1024x853.jpg 1024w, https:\/\/smd.oliva-software.com\/wp-content\/uploads\/2022\/07\/iveco-daily-2022-553-300x250.jpg 300w, https:\/\/smd.oliva-software.com\/wp-content\/uploads\/2022\/07\/iveco-daily-2022-553-768x640.jpg 768w, https:\/\/smd.oliva-software.com\/wp-content\/uploads\/2022\/07\/iveco-daily-2022-553-24x20.jpg 24w, https:\/\/smd.oliva-software.com\/wp-content\/uploads\/2022\/07\/iveco-daily-2022-553-36x30.jpg 36w, https:\/\/smd.oliva-software.com\/wp-content\/uploads\/2022\/07\/iveco-daily-2022-553-48x40.jpg 48w, https:\/\/smd.oliva-software.com\/wp-content\/uploads\/2022\/07\/iveco-daily-2022-553.jpg 1200w\" sizes=\"auto, (max-width: 1024px) 100vw, 1024px\" \/>\t\t\t\t\t\t\t\t\t\t\t\t\t\t\t<\/div>\n\t\t\t\t<\/div>\n\t\t\t\t\t<\/div>\n\t\t<\/div>\n\t\t\t\t<div class=\"elementor-column elementor-col-33 elementor-top-column elementor-element elementor-element-efaeaa7\" data-id=\"efaeaa7\" data-element_type=\"column\" data-settings=\"{&quot;background_background&quot;:&quot;classic&quot;}\">\n\t\t\t<div class=\"elementor-widget-wrap elementor-element-populated\">\n\t\t\t\t\t\t\t\t<div class=\"elementor-element elementor-element-7163391 elementor-widget elementor-widget-image\" data-id=\"7163391\" data-element_type=\"widget\" data-widget_type=\"image.default\">\n\t\t\t\t<div class=\"elementor-widget-container\">\n\t\t\t\t\t\t\t\t\t\t\t\t\t\t\t<img loading=\"lazy\" decoding=\"async\" width=\"1024\" height=\"853\" src=\"https:\/\/smd.oliva-software.com\/wp-content\/uploads\/2022\/07\/081-1024x853.jpg\" class=\"attachment-large size-large\" alt=\"\" srcset=\"https:\/\/smd.oliva-software.com\/wp-content\/uploads\/2022\/07\/081-1024x853.jpg 1024w, https:\/\/smd.oliva-software.com\/wp-content\/uploads\/2022\/07\/081-300x250.jpg 300w, https:\/\/smd.oliva-software.com\/wp-content\/uploads\/2022\/07\/081-768x640.jpg 768w, https:\/\/smd.oliva-software.com\/wp-content\/uploads\/2022\/07\/081-24x20.jpg 24w, https:\/\/smd.oliva-software.com\/wp-content\/uploads\/2022\/07\/081-36x30.jpg 36w, https:\/\/smd.oliva-software.com\/wp-content\/uploads\/2022\/07\/081-48x40.jpg 48w, https:\/\/smd.oliva-software.com\/wp-content\/uploads\/2022\/07\/081.jpg 1200w\" sizes=\"auto, (max-width: 1024px) 100vw, 1024px\" \/>\t\t\t\t\t\t\t\t\t\t\t\t\t\t\t<\/div>\n\t\t\t\t<\/div>\n\t\t\t\t\t<\/div>\n\t\t<\/div>\n\t\t\t\t<div class=\"elementor-column elementor-col-33 elementor-top-column elementor-element elementor-element-49c1838\" data-id=\"49c1838\" data-element_type=\"column\" data-settings=\"{&quot;background_background&quot;:&quot;classic&quot;}\">\n\t\t\t<div class=\"elementor-widget-wrap elementor-element-populated\">\n\t\t\t\t\t\t\t\t<div class=\"elementor-element elementor-element-4279e57 elementor-widget elementor-widget-image\" data-id=\"4279e57\" data-element_type=\"widget\" data-widget_type=\"image.default\">\n\t\t\t\t<div class=\"elementor-widget-container\">\n\t\t\t\t\t\t\t\t\t\t\t\t\t\t\t<img loading=\"lazy\" decoding=\"async\" width=\"1024\" height=\"853\" src=\"https:\/\/smd.oliva-software.com\/wp-content\/uploads\/2022\/07\/txt_iveco-daily-2022-451-1024x853.jpg\" class=\"attachment-large size-large\" alt=\"\" srcset=\"https:\/\/smd.oliva-software.com\/wp-content\/uploads\/2022\/07\/txt_iveco-daily-2022-451-1024x853.jpg 1024w, https:\/\/smd.oliva-software.com\/wp-content\/uploads\/2022\/07\/txt_iveco-daily-2022-451-300x250.jpg 300w, https:\/\/smd.oliva-software.com\/wp-content\/uploads\/2022\/07\/txt_iveco-daily-2022-451-768x640.jpg 768w, https:\/\/smd.oliva-software.com\/wp-content\/uploads\/2022\/07\/txt_iveco-daily-2022-451-24x20.jpg 24w, https:\/\/smd.oliva-software.com\/wp-content\/uploads\/2022\/07\/txt_iveco-daily-2022-451-36x30.jpg 36w, https:\/\/smd.oliva-software.com\/wp-content\/uploads\/2022\/07\/txt_iveco-daily-2022-451-48x40.jpg 48w, https:\/\/smd.oliva-software.com\/wp-content\/uploads\/2022\/07\/txt_iveco-daily-2022-451.jpg 1200w\" sizes=\"auto, (max-width: 1024px) 100vw, 1024px\" \/>\t\t\t\t\t\t\t\t\t\t\t\t\t\t\t<\/div>\n\t\t\t\t<\/div>\n\t\t\t\t\t<\/div>\n\t\t<\/div>\n\t\t\t\t\t\t\t<\/div>\n\t\t<\/section>\n\t\t\t\t<section class=\"elementor-section elementor-top-section elementor-element elementor-element-47831ee elementor-section-stretched elementor-section-height-min-height elementor-section-content-middle animated-slow elementor-section-boxed elementor-section-height-default elementor-section-items-middle elementor-invisible\" data-id=\"47831ee\" data-element_type=\"section\" data-settings=\"{&quot;stretch_section&quot;:&quot;section-stretched&quot;,&quot;background_background&quot;:&quot;classic&quot;,&quot;shape_divider_top&quot;:&quot;tilt&quot;,&quot;animation&quot;:&quot;fadeInUp&quot;,&quot;_ha_eqh_enable&quot;:false}\">\n\t\t\t\t\t<div class=\"elementor-shape elementor-shape-top\" data-negative=\"false\">\n\t\t\t<svg xmlns=\"http:\/\/www.w3.org\/2000\/svg\" viewBox=\"0 0 1000 100\" preserveAspectRatio=\"none\">\n\t<path class=\"elementor-shape-fill\" d=\"M0,6V0h1000v100L0,6z\"\/>\n<\/svg>\t\t<\/div>\n\t\t\t\t\t<div class=\"elementor-container elementor-column-gap-default\">\n\t\t\t\t\t<div class=\"elementor-column elementor-col-50 elementor-top-column elementor-element elementor-element-9a93f5e\" data-id=\"9a93f5e\" data-element_type=\"column\">\n\t\t\t<div class=\"elementor-widget-wrap elementor-element-populated\">\n\t\t\t\t\t\t\t\t<div class=\"elementor-element elementor-element-224f791 elementor-widget elementor-widget-heading\" data-id=\"224f791\" data-element_type=\"widget\" data-settings=\"{&quot;_animation_mobile&quot;:&quot;none&quot;}\" data-widget_type=\"heading.default\">\n\t\t\t\t<div class=\"elementor-widget-container\">\n\t\t\t<style>\/*! elementor - v3.7.8 - 02-10-2022 *\/\n.elementor-heading-title{padding:0;margin:0;line-height:1}.elementor-widget-heading .elementor-heading-title[class*=elementor-size-]>a{color:inherit;font-size:inherit;line-height:inherit}.elementor-widget-heading .elementor-heading-title.elementor-size-small{font-size:15px}.elementor-widget-heading .elementor-heading-title.elementor-size-medium{font-size:19px}.elementor-widget-heading .elementor-heading-title.elementor-size-large{font-size:29px}.elementor-widget-heading .elementor-heading-title.elementor-size-xl{font-size:39px}.elementor-widget-heading .elementor-heading-title.elementor-size-xxl{font-size:59px}<\/style><h3 class=\"elementor-heading-title elementor-size-default\">IVECO\/DAILY<\/h3>\t\t<\/div>\n\t\t\t\t<\/div>\n\t\t\t\t<div class=\"elementor-element elementor-element-dbefeb3 premium-header-block elementor-widget elementor-widget-premium-addon-dual-header\" data-id=\"dbefeb3\" data-element_type=\"widget\" data-widget_type=\"premium-addon-dual-header.default\">\n\t\t\t\t<div class=\"elementor-widget-container\">\n\t\t\t\r\n\t\t\t\t<h2 class=\"premium-dual-header-first-header  gradient\"><span class=\"premium-dual-header-first-span\"> 50C15 E4 <\/span><\/h2> \t\t\r\n\t\t\t\t<\/div>\n\t\t\t\t<\/div>\n\t\t\t\t<div class=\"elementor-element elementor-element-3ee9bb4 elementor-widget elementor-widget-text-editor\" data-id=\"3ee9bb4\" data-element_type=\"widget\" data-widget_type=\"text-editor.default\">\n\t\t\t\t<div class=\"elementor-widget-container\">\n\t\t\t<style>\/*! elementor - v3.7.8 - 02-10-2022 *\/\n.elementor-widget-text-editor.elementor-drop-cap-view-stacked .elementor-drop-cap{background-color:#818a91;color:#fff}.elementor-widget-text-editor.elementor-drop-cap-view-framed .elementor-drop-cap{color:#818a91;border:3px solid;background-color:transparent}.elementor-widget-text-editor:not(.elementor-drop-cap-view-default) .elementor-drop-cap{margin-top:8px}.elementor-widget-text-editor:not(.elementor-drop-cap-view-default) .elementor-drop-cap-letter{width:1em;height:1em}.elementor-widget-text-editor .elementor-drop-cap{float:left;text-align:center;line-height:1;font-size:50px}.elementor-widget-text-editor .elementor-drop-cap-letter{display:inline-block}<\/style>\t\t\t\t<p>Son ch\u00e2ssis \u00e0 longerons est une garantie de long\u00e9vit\u00e9 unique dans le segment. Et ses nouvelles suspensions am\u00e9liorent son comportement dynamique et ses performances.<\/p>\t\t\t\t\t\t<\/div>\n\t\t\t\t<\/div>\n\t\t\t\t\t<\/div>\n\t\t<\/div>\n\t\t\t\t<div class=\"elementor-column elementor-col-50 elementor-top-column elementor-element elementor-element-42c5f1a\" data-id=\"42c5f1a\" data-element_type=\"column\">\n\t\t\t<div class=\"elementor-widget-wrap elementor-element-populated\">\n\t\t\t\t\t\t\t\t<div class=\"elementor-element elementor-element-e69ac8c elementor-widget elementor-widget-image\" data-id=\"e69ac8c\" data-element_type=\"widget\" data-widget_type=\"image.default\">\n\t\t\t\t<div class=\"elementor-widget-container\">\n\t\t\t\t\t\t\t\t\t\t\t\t\t\t\t<img loading=\"lazy\" decoding=\"async\" width=\"1024\" height=\"683\" src=\"https:\/\/smd.oliva-software.com\/wp-content\/uploads\/2022\/07\/636904068424827822-0-1024x683.webp\" class=\"elementor-animation-grow attachment-large size-large\" alt=\"\" srcset=\"https:\/\/smd.oliva-software.com\/wp-content\/uploads\/2022\/07\/636904068424827822-0-1024x683.webp 1024w, https:\/\/smd.oliva-software.com\/wp-content\/uploads\/2022\/07\/636904068424827822-0-300x200.webp 300w, https:\/\/smd.oliva-software.com\/wp-content\/uploads\/2022\/07\/636904068424827822-0-768x512.webp 768w, https:\/\/smd.oliva-software.com\/wp-content\/uploads\/2022\/07\/636904068424827822-0-24x16.webp 24w, https:\/\/smd.oliva-software.com\/wp-content\/uploads\/2022\/07\/636904068424827822-0-36x24.webp 36w, https:\/\/smd.oliva-software.com\/wp-content\/uploads\/2022\/07\/636904068424827822-0-48x32.webp 48w, https:\/\/smd.oliva-software.com\/wp-content\/uploads\/2022\/07\/636904068424827822-0.webp 1200w\" sizes=\"auto, (max-width: 1024px) 100vw, 1024px\" \/>\t\t\t\t\t\t\t\t\t\t\t\t\t\t\t<\/div>\n\t\t\t\t<\/div>\n\t\t\t\t\t<\/div>\n\t\t<\/div>\n\t\t\t\t\t\t\t<\/div>\n\t\t<\/section>\n\t\t\t\t<section class=\"elementor-section elementor-top-section elementor-element elementor-element-c93b137 animated-slow elementor-section-boxed elementor-section-height-default elementor-section-height-default elementor-invisible\" data-id=\"c93b137\" data-element_type=\"section\" data-settings=\"{&quot;animation&quot;:&quot;fadeInUp&quot;,&quot;_ha_eqh_enable&quot;:false}\">\n\t\t\t\t\t\t<div class=\"elementor-container elementor-column-gap-default\">\n\t\t\t\t\t<div class=\"elementor-column elementor-col-50 elementor-top-column elementor-element elementor-element-1946709\" data-id=\"1946709\" data-element_type=\"column\">\n\t\t\t<div class=\"elementor-widget-wrap elementor-element-populated\">\n\t\t\t\t\t\t\t\t<div class=\"elementor-element elementor-element-8ab9c6a elementor-widget elementor-widget-image\" data-id=\"8ab9c6a\" data-element_type=\"widget\" data-widget_type=\"image.default\">\n\t\t\t\t<div class=\"elementor-widget-container\">\n\t\t\t\t\t\t\t\t\t\t\t\t\t\t\t\t<a href=\"http:\/\/smd.oliva-software.com\/wp-content\/uploads\/2022\/07\/MCA_50C15_E4_FR_1-.pdf\" target=\"_blank\">\n\t\t\t\t\t\t\t<img loading=\"lazy\" decoding=\"async\" width=\"1240\" height=\"1755\" src=\"https:\/\/smd.oliva-software.com\/wp-content\/uploads\/2022\/07\/MCA_50C15_E4_FR_1-_page-0001.webp\" class=\"attachment-2048x2048 size-2048x2048\" alt=\"\" srcset=\"https:\/\/smd.oliva-software.com\/wp-content\/uploads\/2022\/07\/MCA_50C15_E4_FR_1-_page-0001.webp 1240w, https:\/\/smd.oliva-software.com\/wp-content\/uploads\/2022\/07\/MCA_50C15_E4_FR_1-_page-0001-212x300.webp 212w, https:\/\/smd.oliva-software.com\/wp-content\/uploads\/2022\/07\/MCA_50C15_E4_FR_1-_page-0001-724x1024.webp 724w, https:\/\/smd.oliva-software.com\/wp-content\/uploads\/2022\/07\/MCA_50C15_E4_FR_1-_page-0001-768x1087.webp 768w, https:\/\/smd.oliva-software.com\/wp-content\/uploads\/2022\/07\/MCA_50C15_E4_FR_1-_page-0001-1085x1536.webp 1085w, https:\/\/smd.oliva-software.com\/wp-content\/uploads\/2022\/07\/MCA_50C15_E4_FR_1-_page-0001-17x24.webp 17w, https:\/\/smd.oliva-software.com\/wp-content\/uploads\/2022\/07\/MCA_50C15_E4_FR_1-_page-0001-25x36.webp 25w, https:\/\/smd.oliva-software.com\/wp-content\/uploads\/2022\/07\/MCA_50C15_E4_FR_1-_page-0001-34x48.webp 34w\" sizes=\"auto, (max-width: 1240px) 100vw, 1240px\" \/>\t\t\t\t\t\t\t\t<\/a>\n\t\t\t\t\t\t\t\t\t\t\t\t\t\t\t<\/div>\n\t\t\t\t<\/div>\n\t\t\t\t\t<\/div>\n\t\t<\/div>\n\t\t\t\t<div class=\"elementor-column elementor-col-50 elementor-top-column elementor-element elementor-element-225f685\" data-id=\"225f685\" data-element_type=\"column\">\n\t\t\t<div class=\"elementor-widget-wrap elementor-element-populated\">\n\t\t\t\t\t\t\t\t<div class=\"elementor-element elementor-element-024dcf0 elementor-widget elementor-widget-image\" data-id=\"024dcf0\" data-element_type=\"widget\" data-widget_type=\"image.default\">\n\t\t\t\t<div class=\"elementor-widget-container\">\n\t\t\t\t\t\t\t\t\t\t\t\t\t\t\t\t<a href=\"http:\/\/smd.oliva-software.com\/wp-content\/uploads\/2022\/07\/MCA_50C15_E4_FR_1-.pdf\" target=\"_blank\">\n\t\t\t\t\t\t\t<img loading=\"lazy\" decoding=\"async\" width=\"1240\" height=\"1755\" src=\"https:\/\/smd.oliva-software.com\/wp-content\/uploads\/2022\/07\/MCA_50C15_E4_FR_1_page-0002.webp\" class=\"attachment-2048x2048 size-2048x2048\" alt=\"\" srcset=\"https:\/\/smd.oliva-software.com\/wp-content\/uploads\/2022\/07\/MCA_50C15_E4_FR_1_page-0002.webp 1240w, https:\/\/smd.oliva-software.com\/wp-content\/uploads\/2022\/07\/MCA_50C15_E4_FR_1_page-0002-212x300.webp 212w, https:\/\/smd.oliva-software.com\/wp-content\/uploads\/2022\/07\/MCA_50C15_E4_FR_1_page-0002-724x1024.webp 724w, https:\/\/smd.oliva-software.com\/wp-content\/uploads\/2022\/07\/MCA_50C15_E4_FR_1_page-0002-768x1087.webp 768w, https:\/\/smd.oliva-software.com\/wp-content\/uploads\/2022\/07\/MCA_50C15_E4_FR_1_page-0002-1085x1536.webp 1085w, https:\/\/smd.oliva-software.com\/wp-content\/uploads\/2022\/07\/MCA_50C15_E4_FR_1_page-0002-17x24.webp 17w, https:\/\/smd.oliva-software.com\/wp-content\/uploads\/2022\/07\/MCA_50C15_E4_FR_1_page-0002-25x36.webp 25w, https:\/\/smd.oliva-software.com\/wp-content\/uploads\/2022\/07\/MCA_50C15_E4_FR_1_page-0002-34x48.webp 34w\" sizes=\"auto, (max-width: 1240px) 100vw, 1240px\" \/>\t\t\t\t\t\t\t\t<\/a>\n\t\t\t\t\t\t\t\t\t\t\t\t\t\t\t<\/div>\n\t\t\t\t<\/div>\n\t\t\t\t\t<\/div>\n\t\t<\/div>\n\t\t\t\t\t\t\t<\/div>\n\t\t<\/section>\n\t\t\t\t\t\t\t<\/div>\n\t\t","protected":false},"excerpt":{"rendered":"<p>IVECO\/DAILY 50C15 E4 Son ch\u00e2ssis \u00e0 longerons est une garantie de long\u00e9vit\u00e9 unique dans le segment. Et ses nouvelles suspensions am\u00e9liorent son comportement dynamique et ses performances.<\/p>\n","protected":false},"author":1,"featured_media":0,"parent":0,"menu_order":0,"comment_status":"closed","ping_status":"closed","template":"","meta":{"rank_math_lock_modified_date":false,"site-sidebar-layout":"no-sidebar","site-content-layout":"page-builder","ast-global-header-display":"","ast-main-header-display":"","ast-hfb-above-header-display":"","ast-hfb-below-header-display":"","ast-hfb-mobile-header-display":"","site-post-title":"disabled","ast-breadcrumbs-content":"","ast-featured-img":"disabled","footer-sml-layout":"","theme-transparent-header-meta":"","adv-header-id-meta":"","stick-header-meta":"","header-above-stick-meta":"","header-main-stick-meta":"","header-below-stick-meta":"","footnotes":""},"class_list":["post-2786","page","type-page","status-publish","hentry"],"_links":{"self":[{"href":"https:\/\/smd.oliva-software.com\/index.php\/wp-json\/wp\/v2\/pages\/2786","targetHints":{"allow":["GET"]}}],"collection":[{"href":"https:\/\/smd.oliva-software.com\/index.php\/wp-json\/wp\/v2\/pages"}],"about":[{"href":"https:\/\/smd.oliva-software.com\/index.php\/wp-json\/wp\/v2\/types\/page"}],"author":[{"embeddable":true,"href":"https:\/\/smd.oliva-software.com\/index.php\/wp-json\/wp\/v2\/users\/1"}],"replies":[{"embeddable":true,"href":"https:\/\/smd.oliva-software.com\/index.php\/wp-json\/wp\/v2\/comments?post=2786"}],"version-history":[{"count":11,"href":"https:\/\/smd.oliva-software.com\/index.php\/wp-json\/wp\/v2\/pages\/2786\/revisions"}],"predecessor-version":[{"id":2990,"href":"https:\/\/smd.oliva-software.com\/index.php\/wp-json\/wp\/v2\/pages\/2786\/revisions\/2990"}],"wp:attachment":[{"href":"https:\/\/smd.oliva-software.com\/index.php\/wp-json\/wp\/v2\/media?parent=2786"}],"curies":[{"name":"wp","href":"https:\/\/api.w.org\/{rel}","templated":true}]}}